{"id":33,"date":"2018-08-14T08:29:40","date_gmt":"2018-08-14T08:29:40","guid":{"rendered":"http:\/\/uccsms.edu.gh\/obiriyeboah\/?page_id=33"},"modified":"2026-03-23T09:37:18","modified_gmt":"2026-03-23T09:37:18","slug":"publications","status":"publish","type":"page","link":"https:\/\/uccsms.edu.gh\/obiriyeboah\/publications\/","title":{"rendered":"Publications"},"content":{"rendered":"<ol>\n<li>Boateng, R., M. Mutocheluh, A. Dompreh<strong><em>, D. Obiri-Yeboah<\/em><\/strong>, E. Odame Anto, M. Owusu and P. W. Narkwa (2019). <em><u>&#8220;Sero-prevalence of Hepatitis B and C viral co-infections among HIV-1 infected ART-na\u00efve individuals in Kumasi, Ghana<\/u><\/em>.&#8221; PLOS ONE <strong>14<\/strong>(4): e0215377. <a href=\"https:\/\/doi.org\/10.1371\/journal.pone.0215377\">https:\/\/doi.org\/10.1371\/journal.pone.0215377<\/a>.<\/li>\n<li>K. Prah, S. Amoah, D. W. K Ocansey, R. Arthur, E. Walker1 and <strong><em>D. Obiri-Yeboah<\/em><\/strong> (2019). <em><u>Evaluation of urinalysis parameters and antimicrobial susceptibility of uropathogens among out-patients at University of Cape Coast Hospital.<\/u><\/em> Ghana Medical Journal 53(1): 44-51 http:\/\/dx.doi.org\/10.4314\/gmj.v53i1.7<\/li>\n<li>Adjetey, V., <strong><em> Obiri-Yeboah<\/em><\/strong> and B. Dornoo (2019). <em><u>Differentiated service delivery: a qualitative study of people living with HIV and accessing care in a tertiary facility in Ghana.<\/u><\/em> BMC Health Services Research <strong>19<\/strong>(1): 95. <a href=\"https:\/\/doi.org\/10.1186\/s12913-019-3878-7\">https:\/\/doi.org\/10.1186\/s12913-019-3878-7<\/a><\/li>\n<li>P. Yooda, S. Sawadogo, S. T. Soubeiga, <strong><em>D. Obiri-Yeboah<\/em><\/strong>, K. Nebie, A. K. Ouattara, B. Diarra, A. Simpore, Y. D. Yonli, A-G Sawadogo, B. E. Drabo, S. Zalla, A. P. Siriti\u00e9, R. S. Nana, H. Dahourou, J. Simpore. (2019). <em><u>Residual risk of HIV, HCV, and HBV transmission by blood transfusion between 2015 and 2017 at the Regional Blood Transfusion Center of Ouagadougou, Burkina Faso.<\/u><\/em> Journal of Blood Medicine, 10, 53\u201358. <a href=\"https:\/\/doi.org\/10.2147\/JBM.S189079\">https:\/\/doi.org\/10.2147\/JBM.S189079<\/a><\/li>\n<li>Compaore, T. R., Soubeiga, S., Ouattara, A., Tchelougou, D., Bisseye, C., Bakouan, D., Compaore, I., Dembele, A., Yonli, A., <strong><em>Obiri-Yeboah, D.,<\/em><\/strong> Djigma, W., &amp; Simpore, J. (2018). <em><u>APOBEC3G expression and HIV-1 infection in Burkina Faso<\/u><\/em><u>.<\/u>Journal of Public Health in Africa,\u00a09(3). <a href=\"https:\/\/doi.org\/10.4081\/jphia.2018.907\">https:\/\/doi.org\/10.4081\/jphia.2018.907<\/a><\/li>\n<li>Yelemkoure, E., Yonli, A., Montesano, C., Ouattara, A., Diarra, B., Zohoncon, T., Nadembega, C., Ouedraogo, P., Sombi\u00e9, C., Soubeiga, S., Tao, I., Gansane, A., Amicosante, M., Djigma, F., <strong><em>Obiri-Yeboah, D<\/em><\/strong>., Pietra, V., Simpore, J., &amp; Colizzi, V. (2018). <em><u>Prevention of mother-to-child transmission of hepatitis B virus in Burkina Faso: Screening, vaccination and evaluation of post-vaccination antibodies against hepatitis B surface antigen in newborns<\/u><\/em>.\u00a0Journal of Public Health in Africa,\u00a09(3). <a href=\"https:\/\/doi.org\/10.4081\/jphia.2018.816\">https:\/\/doi.org\/10.4081\/jphia.2018.816<\/a><\/li>\n<li>Hayfron-Benjamin, A., <strong><em> Obiri-Yeboah,<\/em><\/strong> S. Ayisi-Addo, P. M. Siakwa and S. Mupepi (2018). <em><u>&#8220;HIV diagnosis disclosure to infected children and adolescents; challenges of family caregivers in the Central Region of Ghana.&#8221;<\/u><\/em> BMC Paediatrics <strong>18<\/strong>(1): 365. <a href=\"https:\/\/doi.org\/10.1186\/s12887-018-1330-5\">https:\/\/doi.org\/10.1186\/s12887-018-1330-5<\/a><\/li>\n<li><strong><em>Obiri-Yeboah, D.,<\/em><\/strong> A. Awuku, W. Alofa, A. Charwudzi, E. Aniakwa-Bonsu, E. Obboh and P. Nsiah (2018). <em><u>&#8220;Renal dysfunction among adult HIV\/AIDS patients on antiretroviral therapy at a tertiary facility in Ghana.&#8221;<\/u><\/em> BMC Nephrology <strong>19<\/strong>(1): 333. <a href=\"https:\/\/doi.org\/10.1186\/s12882-018-1130-z\">https:\/\/doi.org\/10.1186\/s12882-018-1130-z<\/a><\/li>\n<li>Sorgho, A. P., Martinson, J. J., Djigma, F., Yonli, A. T., Nagalo, B. M., Compaore, R. T., <strong><em>Obiri-Yeboah, D.,<\/em><\/strong> Birama, D., Sombie, H. K., Zongo, A. W., Ouattara, A. K., Soubeiga, S. T. R., Traore, L., Roberts, L. R., &amp; Simpore, J. (2018). <em><u>Insights into the interplay between KIR gene frequencies and chronic HBV infection in Burkina Faso.<\/u><\/em>Mediterranean Journal of Hematology and Infectious Diseases,\u00a010(1), e2018060. <a href=\"https:\/\/doi.org\/10.4084\/mjhid.2018.060\">https:\/\/doi.org\/10.4084\/mjhid.2018.060<\/a><\/li>\n<li>Hagan, O., Nsiah, P., <strong><em>Obiri-Yeboah, D.,<\/em><\/strong> Yirdong, F., Annan, I., Eliason, S., &amp; Nuvor, S. (2018). Impact of universal childhood vaccination against hepatitis B in Ghana: A pilot study.\u00a0<em>Journal of Public Health in Africa<\/em>,\u00a0<em>9<\/em>(2). <a href=\"https:\/\/doi.org\/10.4081\/jphia.2018.721\">https:\/\/doi.org\/10.4081\/jphia.2018.721<\/a><\/li>\n<li>Yeboah K. Opoku, Johnson N. Boampong, Irene Ayi, Godwin Kwakye-Nuako<strong><em>, Dorcas Obiri-Yeboah, <\/em><\/strong>Harriet Koranteng, George Ghartey-Kwansah and Kwame K. Asare. (2018). <em><u>Socio-Behavioral Risk Factors Associated with Cryptosporidiosis in HIV\/AIDS Patients Visiting the HIV Referral Clinic at Cape Coast Teaching Hospital, Ghana.<\/u><\/em> The Open AIDS Journal. DOI:10.2174\/1874613601812018, <em>12<\/em>, 03-00<\/li>\n<li>Diarra, B., A. T. Yonli, A. K. Ouattara, T. M. Zohoncon, L. Traore, C. Nadembega, <em> Obiri-Yeboah<\/em>, J. Yara, V. Pietra, P. Ouedraogo, A. Bougouma, R. Sanogo and J. Simpore (2018). <u>&#8220;World hepatitis day in Burkina Faso, 2017: seroprevalence and vaccination against hepatitis B virus to achieve the 2030 elimination goal.&#8221;<\/u> Virology Journal <strong>15<\/strong>(1): 121.<\/li>\n<li>Soubeiga, S. T., Bazie, B. V., Compaore, T., Ouattara, A. K., Zohoncon, T., <strong><em>Obiri-Yeboah, D.,<\/em><\/strong> Yonli, A., Zongo, A., Traore, L., Pietra, V., Akpona, S., Diagbouga, S., &amp; Simpore, J. (2018). <em><u>Human immunodeficiency virus type 1 drug resistance in a subset of mothers and their infants receiving antiretroviral treatment in Ouagadougou, Burkina Faso<\/u><\/em>.\u00a0Journal of Public Health in Africa,\u00a09(1):767. https:\/\/doi.org\/10.4081\/jphia.2018.767<\/li>\n<li>Yooda, A. P., S. T. Soubeiga, K. Y. Nebie, B. Diarra, S. Sawadogo, A. K. Ouattara, <strong><em> Obiri-Yeboah,<\/em><\/strong> A. T. Yonli, I. Tao, P. A. Sorgho, H. Dahourou and J. Simpore (2018). <em><u>&#8220;Impact of Multiplex PCR in Reducing the Risk of Residual Transfusion-Transmitted Human Immunodeficiency and Hepatitis B and C Viruses in Burkina Faso.&#8221;<\/u><\/em> Mediterr J Hematol Infect Dis <strong>10<\/strong>(1): e2018041.<\/li>\n<li><strong><em>Obiri-Yeboah, D.,<\/em><\/strong> Pappoe, I. Baidoo, F. Arthur, A. Hayfron-Benjamin, S. Essien-Baidoo, G. Kwakye-Nuako and S. A. Addo (2018). <em><u>&#8220;Immunologic and virological response to ART among HIV infected individuals at a tertiary hospital in Ghana.&#8221;<\/u><\/em> BMC Infectious Diseases <strong>18<\/strong>(1): 230. https:\/\/doi.org\/10.1186\/s12879-018-3142-5<\/li>\n<li>James Prah, Anna Hayfron-Benjamin, Mohammed Abdulai, Obed Lasim, Yvonne Nartey, and <strong><em>Dorcas Obiri-Yeboah<\/em><\/strong>. <em><u>Factors Affecting Adherence to Antiretroviral Therapy among HIV\/AIDS Patients in Cape Coast Metropolis, Ghana<\/u><\/em><u>.<\/u> Journal of HIV and AIDS, 2018. 4(1): dx.doi.org\/10.16966\/2380-5536.149<\/li>\n<li><strong><em>Obiri-Yeboah, D.,<\/em><\/strong> Asante Awuku, Y., Adu, J., Pappoe, F., Obboh, E. Nsiah, P., Amoako-Sakyi, D., Simpore, J. <em><u>Sero-prevalence and risk factors for hepatitis E virus infection among pregnant women in the Cape Coast Metropolis, Ghana<\/u>.<\/em> PLOS ONE, 2018. <strong>13<\/strong>(1): p. e0191685.<\/li>\n<li>Diarra B., Yonli A.T., Sorgho P.A., Compaore T.R., Ouattara A. ., Zongo W. A., Tao I., Traore L., Soubeiga S.T., Djigma F.W., <strong><em>Obiri-Yeboah D<\/em><\/strong>., Nagalo B.M., Pietra V., Sanogo R., Simpore J.<em> <u>Occult hepatitis B virus infection and associated genotypes among HBsAg negative subjects in Burkina Faso<\/u>. <\/em>(2018) Mediterr J Hematol Infect Dis, 10 (1): e2018007, DOI: http:\/\/dx.doi.org\/10.4084\/MJHID.2018.007<\/li>\n<li><strong><em> Obiri-Yeboah,<\/em><\/strong> P. K. Akakpo, M. Mutocheluh, E.Adjei-Danso, G. Allornuvor, D. Amoako-Sakyi, Y.Adu-Sarkodie and P. Mayaud. (2017). <em><u>Epidemiology of cervical human <\/u><\/em><em><u>papillomavirus (HPV) infection and squamous intraepithelial lesions (SIL) a cohort of HIV-infected and uninfected Ghanaian women.<\/u><\/em> BMC Cancer. <strong>17<\/strong>(1): p. 688. DOI 10.1186\/s12885-017-3682-x<\/li>\n<li><strong><em>Obiri-Yeboah, D.,<\/em><\/strong> Adu-Sarkodie, Y., Djigma, F., Hayfron-Benjamin, A., Abdul, L., Simpore, J., &amp; Mayaud, P. (2017). <u>Self-collected vaginal sampling for the detection of genital human papillomavirus (HPV) using careHPV among Ghanaian women<\/u>. <em>BMC Womens Health, 17<\/em>(1), 86. doi:10.1186\/s12905-017-0448-1<\/li>\n<li>Ouattara A. Karim, Yameogo P., Traore L., Diarra B., Assih M., Compaore T. R., <strong><em>Obiri-Yeboah D.,<\/em><\/strong> Soubeiga S. T., Djigma F. , Simpore, Jacques (2017). <u>&#8220;Prevalence, genetic variants and clinical implications of G-6-PD deficiency in Burkina Faso: a systematic review.&#8221;<\/u> BMC Medical Genetics 18 (1): 139.<\/li>\n<li>Christelle NADEMBEGA, Abdoul Karim OUATTARA, Birama DIARRA, <strong><em>Dorcas OBIRI-YEBOAH,<\/em><\/strong> Th\u00e9odora ZOHONCON, Virginio PIETRA and Jacques SIMPORE<em>.( <\/em>2017). <u>\u201cThyroid disorders among older people in Burkina Faso\u201d<\/u>. <em>International Journal of Current Research. <\/em>9, (11), 61189-61194.<\/li>\n<li>Traore L., Nikiema O., Ouattara A.K., Compaore T.R., Soubeiga S.T., Diarra B., <strong><em>Obiri-Yeboah D.,<\/em><\/strong> Sorgho P.A., Djigma F.W., Bisseye C., Yonli1 A.T., Simpore J. (2017). <u>EBV and HHV-6 circulating subtypes in People Living with HIV in Burkina Faso, impact on CD4 T cell count and HIV viral load.<\/u> Mediterr J Hematol Infect Dis, 9(1): e2017049, DOI: http:\/\/dx.doi.org\/10.4084\/MJHID.2017.049<\/li>\n<li>Birama Diarra, Abdoul K. Ouattara, Florencia W. Djigma, Tegwinde R. Compaore, <strong><em>Dorcas Obiri-Yeboah<\/em><\/strong>, Lassina Traore, Serge T. Soubeiga, Prosper Bado, Justine Yara, Virginio Pietra, Paul Ouedraogo, Alain Bougouma, Rokia Sanogo, and Jacques Simpore. (2017). <em><u>World Hepatitis Day in Burkina Faso, 2016: Awareness, Screening, Identification of HBV Markers, HBV\/HCV Coinfection, and Vaccination.<\/u><\/em> Hepatitis Monthly. doi: 10.5812\/hepatmon.13789.<\/li>\n<li>Yameogo, B. V. J. T\u00e9lesphore E. Bazie, A. K. Ouattara, P. Yameogo, R. T. Compaore, <strong><em>D. Obiri-Yeboah,<\/em><\/strong> F. W. Djigma, S. D. Karou And J.Simpore. (May 18, 2017) <em><u>Major polymorphisms of genes involved in homocysteine metabolism in malaria patients in Ouagadougou, Burkina Faso.<\/u><\/em> Malaria Research and Treatment. Volume\u00a02017, Article ID\u00a03468276, 6 pages. <a href=\"https:\/\/doi.org\/10.1155\/2017\/3468276\">https:\/\/doi.org\/10.1155\/2017\/3468276<\/a><\/li>\n<li>Faustina Pappoe, Weisheng Cheng, Lin Wang, Yuanling Li, <strong><em>Dorcas Obiri-Yeboah,<\/em><\/strong> Samuel Victor Nuvor, Henock Ambachew, Xiaodong Hu, Qingli Luo, Deyong Chu, Yuanhong Xu, Jilong Shen. <em><u>Prevalence of Toxoplasma gondii infection in HIV infected patients and food animals and direct genotyping of T. gondii isolates, Southern Ghana.<\/u><\/em> (April 22<sup>nd<\/sup>, 2017) Parasitology Research, p1-11. DOI: 1007\/s00436-017-5442-x.<\/li>\n<li><strong><em>Dorcas Obiri-Yeboah,<\/em><\/strong> Yaw Adu-Sarkodie, Florencia Djigma, Kafui Akakpo, Ebenezer Aniakwa-Bonsu, Daniel Amoako-Sakyi, Simpore Jacques, Philippe Mayaud. <em><u>Options in human papillomavirus (HPV) detection for cervical cancer screening: comparison between full genotyping and a rapid qualitative HPV-DNA assay in Ghana.<\/u><\/em><em><u> (March 23<sup>Rd<\/sup>, <\/u><\/em>2017). BMC Gynaecologic Oncology Research and Practice. <strong>4<\/strong>(1): p. 5. DOI: 10.1186\/s40661-017-0041-1.<\/li>\n<li>D. Ouermi, D, Soubeiga, W.M.C. Nademb\u00e8ga, P.M. Sawadogo, T.M. Zohoncon, <strong><em>D. Obiri-Yeboah,<\/em><\/strong> F.W. Djigma, J. Nordgren and J. Simpore. (Jan. 19<sup>th<\/sup>, 2017). <em><u>Molecular Epidemiology of Rotavirus in Children under Five in Africa (2006-2016): A Systematic Review.<\/u><\/em> Pakistan Journal of Biological Sciences, 20: 59-69. ISSN 1028-8880 DOI: 10.3923\/pjbs.2017.59.69<\/li>\n<li>A. Moumouni, S. Diagbouga, C. Nademb\u00e8ga , A. M. Dabir\u00e9, F. Salah, <strong><em>D. Obiri-Yeboah,<\/em><\/strong> S.T. Soub\u00e9iga, A. K. Ouattara, T. Zohoncon, F. Djigma, C. Langendorf and J.\u00a0 Simpor\u00e9. (Jan 21<sup>st<\/sup>,2017). <em><u>Quinolone Resistance (qnr) genes in Fecal Carriage of Extended Spectrum beta-Lactamases producing Enterobacteria isolated from Children in Niger.<\/u><\/em> Current Research in Microbiology and Biotechnology. Vol. 5, No. 1: 953-957<\/li>\n<li>Moutanou M. J. Zeye, Serge P. Diagbouga, Florencia W. Djigma, Mahamoudou Sanou, <strong><em>Dorcas Obiri-Yeboah,<\/em><\/strong> Serge Y. Ouedraogo, Abel P. Sorgho, Abdoul K. Ouattara, Ars\u00e8ne W. Zongo, Abdoulaye Tangara, Tegwind\u00e9 R. Compaore, Siaka Ouattara, Jacques Simpore. (Jan 31<sup>st<\/sup>, 2017). <em><u>Prevalence of hepatitis virus delta infection among HBVAgs positive blood donors at the Regional Blood Transfusion Center of Ouagadougou, Burkina Faso<\/u><\/em>. International Journal of Microbiology and Immunology Research Vol. 5(1), pp. 001-006, ISSN 2327-7769.<\/li>\n<li><a href=\"https:\/\/www.hindawi.com\/35342765\/\">Emmanuel K.\u00a0Abu<\/a>, <a href=\"https:\/\/www.hindawi.com\/39720315\/\">Samuel\u00a0Abokyi<\/a>, <strong><em><a href=\"https:\/\/www.hindawi.com\/92167352\/\">Dorcas\u00a0Obiri-Yeboah<\/a><\/em><\/strong><strong><em>,<\/em><\/strong> <a href=\"https:\/\/www.hindawi.com\/80934738\/\">Richard K. D.\u00a0Ephraim<\/a>,\u00a0<a href=\"https:\/\/www.hindawi.com\/98587976\/\">Daniel\u00a0Afedo<\/a>, <a href=\"https:\/\/www.hindawi.com\/70637196\/\">Lawrence D. Agyeman<\/a>, and\u00a0<a href=\"https:\/\/www.hindawi.com\/60828343\/\">Samuel B. Boadi-Kusi<\/a>. (Dec. 29<sup>th<\/sup>, 2016). <em><u>Retinal Microvasculopathy is Common in HIV\/AIDS Patients: A Cross-Sectional Study at the Cape Coast Teaching Hospital, Ghana.<\/u><\/em> Journal of Ophthalmology<strong>. <\/strong>Article ID\u00a08614095, 6 pages. <a href=\"http:\/\/dx.doi.org\/10.1155\/2016\/8614095\">http:\/\/dx.doi.org\/10.1155\/2016\/8614095<\/a><\/li>\n<li><strong><em>D. Obiri-Yeboah<\/em><\/strong>, D. Amoako-Sakyi, I. Baidoo, A. Adu-Oppong, T. Rheinl\u00e4nder. (Jan., 2016).<em><u>The \u2018fears\u2019 of disclosing HIV status to sexual partners: a mixed methods study in a counseling setting in Ghana. <\/u><\/em>AIDS &amp; Behaviour. 20 (1):126-136. DOI:10.1007\/s10461-015-1022-1<\/li>\n<li>F. Pappoe, L. Wang, <strong><em>D. Obiri-Yeboah,<\/em><\/strong> H. Chen, W. Cheng, X. Wang, F. Liu, Q. Luo, J. Shen. (2016). <em><u>Genetic diversity of Toxoplasma gondii isolates from Africa by PCR-RFLP and microsatellite genotypying: a systemic review.<\/u><\/em> Chinese Journal of Zoonoses. 32 (10), 903-910. DOI: 10.3969\/j.issn.1002-2694.2016.010.011<\/li>\n<li>Compaore TR, Soubeiga ST, Ouattara AK, <strong><em>Obiri-Yeboah D,<\/em><\/strong> Tchelougou D, Maiga M, et al. (Jan. 7<sup>th<\/sup>, 2016). <em><u>APOBEC3G Variants and Protection against HIV-1 Infection in Burkina Faso.<\/u><\/em> PLoS ONE 11(1): e0146386. doi:10.1371\/journal.pone.0146386.<\/li>\n<li>I. M. A. Traore, T. Zohoncon, A. Demb\u00e9l\u00e9, F. W. Djigma, <strong><em>D. Obiri-Yeboah<\/em><\/strong>, G. Traor\u00e9, M. Bambara, C. Ouedraogo, Y. Traor\u00e9 , J. Simpore. <em><u>Molecular Characterization of High-Risk Human Papillomavirus in Women in Bobo-Dioulasso, Burkina Faso (June 23<sup>rd<\/sup>, 2016).<\/u><\/em> BioMed Research International. Vol.\u00a02016, Article ID\u00a07092583,6 pages, <a href=\"http:\/\/dx.doi.org\/10.1155\/2016\/7092583\">http:\/\/dx.doi.org\/10.1155\/2016\/7092583<\/a><\/li>\n<li>D. Amoako-Sakyi, S. Adukpo, K. A. Kusi, D. Dodoo, M. F. Ofori, G. O. Adjei, D. E. Edoh, R. H. Asmah, C. Brown, <strong><em>D. Obiri-Yeboah, <\/em><\/strong>\u2026.. B. A. Gyan. (May, 29<sup>th<\/sup>, 2016). <em><u>A STAT6 intronic single nucleotide polymorphism is associated with clinical malaria in Ghanaian children<\/u><\/em>. Genetics and Epigenetics. Vol. 8: 7-14. DOI: 10.4137\/GEG.S38307.<\/li>\n<li>W. A. Zongo, S. Diagbouga, D. Ouermi, T. Compoar\u00e9, <strong><em>D. Obiri-Yeboah,<\/em><\/strong> A. K. Ouattara1, T. Kientega, S. T. Soubeiga, A. T. Yonli, F. W. Djigma, D. Ilboudo and Jacques Simpor\u00e9. <em><u>Real Time PCR Assay in differentiating Entamoeba histolytica and Entamoeba dispar infections in patients fecal samples attending St Camille hospital in Ouagadougou, Burkina Faso.<\/u><\/em> Current Research in Microbiology and Biotechnology. Vol. 4, No. 6 (Nov. 8<sup>th<\/sup>, 2016): 938-943.<\/li>\n<li>T. R. Compaore, B. Diarra, M. Assih, <strong><em>D. Obiri-Yeboah,<\/em><\/strong> S. T. Soubeiga, A. K. Ouattara, D. Tchelougou, C. Bisseye, D. R. Bakouan, I. P. Compaore, A. Dembele, W. F. Djigma, J. Simpore. <em><u>HBV\/HIV co-infection and APOBEC3G polymorphisms in a population from Burkina Faso <\/u><\/em>(July 22<sup>nd<\/sup>, 2016). BMC Infectious Diseases, 16, 1-7.<\/li>\n<li>Kwakye-Nuako, G, Boampong, J. N, Dong, M. K, <strong><em>Obiri-Yeboah, D,<\/em><\/strong> Opoku, Y. K, Amoako-Sakyi, D, Asare, K. K. (2016). <em><u>Modulation of cyptosporidiosis by CD4 levels in chronic diarrhoea HIV\/AIDS individuals visiting Tarkwa Municipal hospital, Ghana.<\/u><\/em> Asian Pacific Journal of Tropical Disease. Vol. 6 (10) 770-775. <a href=\"http:\/\/dx.doi.org\/10.1016\/S2222-1808(16)61127-1\">http:\/\/dx.doi.org\/10.1016\/S2222-1808(16)61127-1<\/a><\/li>\n<li>Ouattara A.K., Yameogo P., Diarra B., <strong><em>Obiri-Yeboah D.,<\/em><\/strong> Yonli A., Compaore T.R., Soubeiga S.T., Djigma F.W., Simpore J. <em><u>Molecular heterogeneity of glucose-6-phosphate dehydrogenase deficiency in Burkina Faso: G-6-PD Betica Selma and Santamaria in people with symptomatic malaria in Ouagadougou.<\/u><\/em> Mediterranean Journal of Hematology and Infectious Diseases. 2016, 8(1): e2016029, DOI: <a href=\"http:\/\/dx.doi.org\/10.4084\/MJHID.2016.029\">http:\/\/dx.doi.org\/10.4084\/MJHID.2016.029<\/a><\/li>\n<li>Ou\u00e9draogo, C. , Zohoncon, T. , Traor\u00e9, E. , Ouattara, S. , Bado, P. , Ouedraogo, C. , Djigma, F., Ouermi, D. , <strong><em>Obiri-Yeboah, D.<\/em><\/strong> , Lompo, O. , Akpona, S. and Simpore, J. (March, 2016). <em><u>Distribution of High-Risk Human Papillomavirus Genotypes in Precancerous Cervical Lesions in Ouagadougou, Burkina.<\/u><\/em> Open Journal of Obstetrics and Gynecology. Vol. 6 (4) 196-204. <a href=\"http:\/\/dx.doi.org\/10.4236\/ojog.2016.64025\">http:\/\/dx.doi.org\/10.4236\/ojog.2016.64025<\/a><\/li>\n<li>M. Cherif, D. Amoako-Sakyi, A. Dolo, Jan-Olav, B. Gjan, <strong><em>D. Obiri-Yeboah<\/em><\/strong>, I. Nebie, S. B Sirima, D. Ogobara, M. Troye-Blomberg, M. Bakary. (Jan. 19<sup>th<\/sup>, 2016). <em><u>Distribution of Fc\u0263R gene polymorphisms among two sympatric populations in Mali: differing allele frequencies, associations with malariometric indices and implications for genetic susceptibility to malaria.<\/u><\/em> Malaria Journal. 15: 29. DOI:10.1186\/s12936-015-1082-8<\/li>\n<li>T. M. Zohoncon, P. Bado, D. Ouermi, E. M. A. Traor\u00e9, S. Ouattara, F.W. Djigma, I. M. A. Traore, A. T. Yonli , <strong><em>D. Obiri-Yeboah<\/em><\/strong>, C. Ou\u00e9draogo, S. A. Akpona, O. Lompo and J. Simpore. (Oct. 30<sup>th<\/sup>, 2016). <em><u>Molecular characterization of high-risk human papillomavirus genotypes involved in invasive cervical cancer from formalin-fixed, paraffin-embedded tissues in Ouagadougou, Burkina Faso.<\/u><\/em> International Journal of Current Research. Vol. 8, Issue, 09, pp.39314-39318.<\/li>\n<li>Serm\u00e9 A, Compaor\u00e9 N, Compaor\u00e9 R, Djigma F, Somda KS, Diarra B, Coulibaly A, Zohoncon T, <strong><em>Obiri-Yeboah D<\/em><\/strong>, Sombie AR, Bougouma A and Simpor\u00e9 J. (Dec, 2016) <em><u>Helicobacter pylori and upper digestive diseases &#8211; diagnosis through real time PCR<\/u><\/em>. Nigerian Journal of Gastroenterology and Hepatology Vol. 8, No. 2, 71 -80<\/li>\n<li>Kafando F., Ouermi D., Gnoula C., Djigma W. F., <strong><em>Obiri-Yeboah D.,<\/em><\/strong> .Compaore T. R., Zohoncon M. T., Belemgnigre M, Ouedraogo P. and Simpore Jacques. (2016). <em><u>Hepatitis E in pregnant women at the Saint Camille Hospital of Ouagadougou in Burkina Faso: prevalence and infection risk factors.<\/u><\/em> International Journal of Recent Advances in Multidisciplinary Research Vol. 03, Issue 10, pp.1885-1888.<\/li>\n<li>Z. T. Mahouk\u00e8d\u00e8, B. Luc, O. T. Clarisse, D. Forencia, O. Soul\u00e9man, Y. Albert T., B. Val\u00e9rie JTE, D. Ouermi, G. Moutawakilou, <strong><em>D.<\/em><\/strong> <strong><em>Obiri-Yeboah<\/em><\/strong>, O. Charlemagne, L. O. M\u00e9lanie, Akpona Simon , S. Jacques. (Jan. 15<sup>th<\/sup>, 2016). <em><u>Molecular epidemiology of high-risk human papillomavirus in high-grade cervical intraepithelial neoplasia and in cervical cancer, in Parakou, Republic of Benin.<\/u><\/em> Pakistan Journal of Biological Sciences, 19 (2): 49-56. DOI<strong>:<\/strong>\u00a0<a href=\"http:\/\/dx.doi.org\/10.3923\/pjbs.2016.49.56\">10.3923\/pjbs.2016.49.56<\/a>.<\/li>\n<li>Acquah S., Boampong J., Setorglo J., <strong><em>Obiri-Yeboah D. (<\/em><\/strong>2011) <em><u>Lipid and lipoprotein levels in diabetics<\/u><\/em> <em><u>attending clinic at the Central Regional Hospital in the Cape<\/u><\/em> <em><u>Coast Metropolis of Ghana.<\/u><\/em> International Journal of Health Research. 4(2): 69-74.<\/li>\n<\/ol>\n<div style=\"overflow: hidden;height: 1px\">Navega por una completa <a href=\"https:\/\/farmaciameracerrato.com\/\">Farmacia online en Espa\u00f1a<\/a> con productos innovadores.<\/div>\n<p><strong>Books\/book chapters<\/strong><\/p>\n<ol>\n<li>Elucidating Sexually Transmitted Infections (Epidemiology, Aetiology, Diagnosis, Management, and Prevention). <strong><em>Obiri-Yeboah, D.<\/em><\/strong> (2018). Accra, Ghana, Icon Publishing Limited. ISBN: 9789988856700.<\/li>\n<li>Medical Microbiology Simplified (2<sup>nd<\/sup> Edition). <strong><em>Obiri-Yeboah, D.<\/em><\/strong> Brako E Emmanuel, Nuvor Victor, Amoako-Sakyi Daniel, Dankwa Kwabena, Pappoe Faustina. (2016). Accra, Ghana, Icon Publishing Limited. ISBN: 978-9988-8567-7-9 (New additional Chapters by me: 23-32).<\/li>\n<li>Medical Microbiology Simplified (<em>Bacteriology and Mycology<\/em>). <strong><em>Obiri-Yeboah, D.<\/em><\/strong> (2012). Accra, Ghana, Icon Publishing Limited. ISBN: 978-9988-1-4865-2<\/li>\n<\/ol>\n<p><strong>Others<\/strong><\/p>\n<p>I was involved in the development of the following guideline documents used by health workers in the Ghana Health Services:<\/p>\n<ol>\n<li><em><u>Differentiated Service Delivery; an Operational Manual for HIV in Ghana<\/u><\/em>. (2017) Ghana Health Services (GHS)\/National AIDS\/STIs Control Program (NACP)<\/li>\n<li><em><u>Guidelines for Antiretroviral Therapy in Ghana, Fifth Edition.<\/u><\/em> (2014). Ghana Health Services (GHS)\/National AIDS\/STIs Control Program (NACP)<\/li>\n<li><em><u>HIV &amp; AIDS Care in Accident and Emergency Departments; Guidelines and Standard Operating Procedures.<\/u><\/em> (July 2014). GHS\/NACP\/KNUST.<\/li>\n<\/ol>\n","protected":false},"excerpt":{"rendered":"<p>Boateng, R., M. Mutocheluh, A. Dompreh, D. Obiri-Yeboah, E. Odame Anto, M. Owusu and P. W. Narkwa (2019). &#8220;Sero-prevalence of Hepatitis B and C viral co-infections among HIV-1 infected ART-na\u00efve individuals in Kumasi, Ghana.&#8221; PLOS ONE 14(4): e0215377. https:\/\/doi.org\/10.1371\/journal.pone.0215377. K. Prah, S. Amoah, D. W. K Ocansey, R. Arthur, E. Walker1 and D. Obiri-Yeboah (2019). [&hellip;]<\/p>\n","protected":false},"author":1,"featured_media":0,"parent":0,"menu_order":0,"comment_status":"closed","ping_status":"closed","template":"","meta":{"footnotes":""},"class_list":["post-33","page","type-page","status-publish","hentry"],"_links":{"self":[{"href":"https:\/\/uccsms.edu.gh\/obiriyeboah\/wp-json\/wp\/v2\/pages\/33","targetHints":{"allow":["GET"]}}],"collection":[{"href":"https:\/\/uccsms.edu.gh\/obiriyeboah\/wp-json\/wp\/v2\/pages"}],"about":[{"href":"https:\/\/uccsms.edu.gh\/obiriyeboah\/wp-json\/wp\/v2\/types\/page"}],"author":[{"embeddable":true,"href":"https:\/\/uccsms.edu.gh\/obiriyeboah\/wp-json\/wp\/v2\/users\/1"}],"replies":[{"embeddable":true,"href":"https:\/\/uccsms.edu.gh\/obiriyeboah\/wp-json\/wp\/v2\/comments?post=33"}],"version-history":[{"count":5,"href":"https:\/\/uccsms.edu.gh\/obiriyeboah\/wp-json\/wp\/v2\/pages\/33\/revisions"}],"predecessor-version":[{"id":320,"href":"https:\/\/uccsms.edu.gh\/obiriyeboah\/wp-json\/wp\/v2\/pages\/33\/revisions\/320"}],"wp:attachment":[{"href":"https:\/\/uccsms.edu.gh\/obiriyeboah\/wp-json\/wp\/v2\/media?parent=33"}],"curies":[{"name":"wp","href":"https:\/\/api.w.org\/{rel}","templated":true}]}}